{"id":195,"date":"2017-11-06T17:05:03","date_gmt":"2017-11-06T17:05:03","guid":{"rendered":"http:\/\/aemtler-quilter.ch\/?page_id=195"},"modified":"2026-04-18T12:38:34","modified_gmt":"2026-04-18T12:38:34","slug":"treffen","status":"publish","type":"page","link":"https:\/\/www.aemtler-quilter.ch\/?page_id=195","title":{"rendered":"Quilttreffen"},"content":{"rendered":"\n<p><strong>Treffpunkt<\/strong>:<br><strong>Katholisches Pfarramt <\/strong><br><strong>Stallikerstrasse 2 in Bonstetten<\/strong> (beim Bahnhof Bonstetten-Wettswil)<\/p>\n\n\n\n<p><strong>Letzter Dienstag im Monat (ausser Dezember) um 19:30 Uhr <\/strong><\/p>\n\n\n\n<p><\/p>\n\n\n\n<p>Dienstag, 28. April 2026 &#8211; Programm folgt<\/p>\n\n\n\n<p>Dienstag, 26. Mai 2026 &#8211; Workshop &#8222;Steine&#8220; mit Clara D\u00f6rfler. Ben\u00f6tigtes Material wird noch mitgeteilt<\/p>\n\n\n\n<p>Dienstag, 30. Juni 2026 &#8211; Programm folgt<\/p>\n\n\n\n<p>Dienstag, 28. Juli 2026 &#8211; Br\u00e4tle bei Christine &#8211; Details folgen<\/p>\n\n\n\n<p>Dienstag, 25. August 2026 &#8211; Programm folgt<\/p>\n\n\n\n<p>Dienstag, 29. September 2026 &#8211; Programm folgt<\/p>\n\n\n\n<p>Dienstag, 27. Oktober 2026 &#8211; Programm folgt<\/p>\n\n\n\n<p>Dienstag, 24. November 2026 &#8211; Weihnachtsessen<\/p>\n","protected":false},"excerpt":{"rendered":"<p>Treffpunkt:Katholisches Pfarramt Stallikerstrasse 2 in Bonstetten (beim Bahnhof Bonstetten-Wettswil) Letzter Dienstag im Monat (ausser Dezember) um 19:30 Uhr Dienstag, 28. April 2026 &#8211; Programm folgt Dienstag, 26. Mai 2026 &#8211; Workshop &#8222;Steine&#8220; mit Clara D\u00f6rfler. Ben\u00f6tigtes Material wird noch mitgeteilt Dienstag, 30. Juni 2026 &#8211; Programm folgt Dienstag, 28. Juli 2026 &#8211; Br\u00e4tle bei Christine &hellip; <\/p>\n<p class=\"link-more\"><a href=\"https:\/\/www.aemtler-quilter.ch\/?page_id=195\" class=\"more-link\"><span class=\"screen-reader-text\">\u201eQuilttreffen\u201c <\/span>weiterlesen<\/a><\/p>\n","protected":false},"author":2,"featured_media":0,"parent":0,"menu_order":0,"comment_status":"closed","ping_status":"closed","template":"","meta":{"footnotes":""},"class_list":["post-195","page","type-page","status-publish","hentry"],"_links":{"self":[{"href":"https:\/\/www.aemtler-quilter.ch\/index.php?rest_route=\/wp\/v2\/pages\/195","targetHints":{"allow":["GET"]}}],"collection":[{"href":"https:\/\/www.aemtler-quilter.ch\/index.php?rest_route=\/wp\/v2\/pages"}],"about":[{"href":"https:\/\/www.aemtler-quilter.ch\/index.php?rest_route=\/wp\/v2\/types\/page"}],"author":[{"embeddable":true,"href":"https:\/\/www.aemtler-quilter.ch\/index.php?rest_route=\/wp\/v2\/users\/2"}],"replies":[{"embeddable":true,"href":"https:\/\/www.aemtler-quilter.ch\/index.php?rest_route=%2Fwp%2Fv2%2Fcomments&post=195"}],"version-history":[{"count":61,"href":"https:\/\/www.aemtler-quilter.ch\/index.php?rest_route=\/wp\/v2\/pages\/195\/revisions"}],"predecessor-version":[{"id":913,"href":"https:\/\/www.aemtler-quilter.ch\/index.php?rest_route=\/wp\/v2\/pages\/195\/revisions\/913"}],"wp:attachment":[{"href":"https:\/\/www.aemtler-quilter.ch\/index.php?rest_route=%2Fwp%2Fv2%2Fmedia&parent=195"}],"curies":[{"name":"wp","href":"https:\/\/api.w.org\/{rel}","templated":true}]}}